{"id":10327,"date":"2021-11-23T11:37:15","date_gmt":"2021-11-23T10:37:15","guid":{"rendered":"http:\/\/w332569-www.website.c9x8q4xdx.service.one\/research-publications\/"},"modified":"2024-04-03T09:02:13","modified_gmt":"2024-04-03T07:02:13","slug":"research-publications","status":"publish","type":"page","link":"https:\/\/osloeconomics.no\/en\/research-publications\/","title":{"rendered":"Research publications"},"content":{"rendered":"\n<h2 class=\"wp-block-heading\">Health and Life Science<\/h2>\n\n\n\n<p class=\"has-small-font-size\">Abelsen, B., Pedersen, K., L\u00f8yland, H. I., &amp; Aandahl, E. (2023). <a href=\"https:\/\/link.springer.com\/content\/pdf\/10.1186\/s12913-023-10322-z.pdf\">Expanding general practice with interprofessional teams: a mixed-methods patient perspective study<\/a>.&nbsp;<em>BMC Health Services Research<\/em>,&nbsp;<em>23<\/em>(1), 1327.<\/p>\n\n\n\n<p class=\"has-small-font-size\">Bj\u00f8rk, M. H., Borkenhagen, S., Oteiza, F., Dueland, A. N., S\u00f8rgaard, F. E., S\u00e6ther, E. M., &amp; Bugge, C. (2023). <a href=\"https:\/\/doi.org\/10.1111\/ene.16062\">Comparative retention and effectiveness of migraine preventive treatments: A nationwide registry\u2010based cohort study<\/a>.&nbsp;<em>European Journal of Neurology<\/em>.<\/p>\n\n\n\n<p class=\"has-small-font-size\">Br\u00e5ten, R. H., &amp; Sten-Gahmberg, S. (2022). <a href=\"https:\/\/www.idunn.no\/doi\/full\/10.18261\/spa.39.1.4\">Unge uf\u00f8re og veien til uf\u00f8retrygd: The path to disability benefits for young people<\/a>.&nbsp;<em>S\u00f8kelys p\u00e5 arbeidslivet<\/em>,&nbsp;<em>39<\/em>(1), 1-19.<\/p>\n\n\n\n<p class=\"has-small-font-size\">Br\u00e5ten, R. H., Sten-Gahmberg, S., Bugge, C., Kristiansen I. S., Gardsjord, E. S. &amp; S\u00e6ther, E. M. (2023). <a href=\"https:\/\/psykologtidsskriftet.no\/vitenskapelig-artikkel-originalartikkel\/2023\/04\/okt-bruk-av-psykiske-diagnoser-unge\">\u00d8kt bruk av psykiske diagnoser for unge<\/a>. <em>Tidsskrift for Norsk psykologforening<\/em>.<\/p>\n\n\n\n<p class=\"has-small-font-size\">Bugge, Christoffer, et al. (2018). <a href=\"https:\/\/pubmed.ncbi.nlm.nih.gov\/30564729\/\">Diagnosing heart failure with NT-proBNP point-of-care testing: lower costs and better outcomes. A decision analytic study<\/a>. <em>BJGP open 2(3<\/em>), bjgpopen18X101596.<\/p>\n\n\n\n<p class=\"has-small-font-size\">Bugge C, Brustugun OT, S\u00e6ther EM, Kristiansen IS (2021). <a href=\"https:\/\/www.ncbi.nlm.nih.gov\/pmc\/articles\/PMC8257845\/\">Phase- and gender-specific, lifetime, and future costs of cancer: A retrospective population-based registry study<\/a>. <em>Medicine<\/em>,&nbsp;<em>100<\/em>(26), e26523. https:\/\/doi.org\/10.1097\/MD.0000000000026523.<\/p>\n\n\n\n<p class=\"has-small-font-size\">Bugge, C., Kaasa, S., S\u00e6ther, E. M., Melberg, H. O., &amp; Kristiansen, I. S. (2021). <a href=\"https:\/\/bmjopen.bmj.com\/content\/11\/9\/e050564.long\">What are determinants of utilisation of pharmaceutical anticancer treatment during the last year of life in Norway? A retrospective registry study<\/a>.&nbsp;<em>BMJ open<\/em>,&nbsp;<em>11<\/em>(9), e050564.<\/p>\n\n\n\n<p class=\"has-small-font-size\">Bugge C, S\u00e6ther EM, Kristiansen IS (2021). <a href=\"https:\/\/pubmed.ncbi.nlm.nih.gov\/33979241\/\">Men receive more end-of-life cancer hospital treatment than women: fact or fiction?<\/a>. <em>Acta Oncologica<\/em>. doi: 10.1080\/0284186X.2021.1917000 (Accepted for publication April 2021).<\/p>\n\n\n\n<p class=\"has-small-font-size\">Bugge C, S\u00e6ther EM, Brustugun OT, Kristiansen IS (2021). <a href=\"https:\/\/www.sciencedirect.com\/science\/article\/abs\/pii\/S0168851021001354\">Societal cost of cancer in Norway &#8211; Results of taking a broader cost perspective<\/a>. <em>Health Policy<\/em>. 2021 May 24;S0168-8510(21)00135-4. doi: 10.1016\/j.healthpol.2021.05.008.<\/p>\n\n\n\n<p class=\"has-small-font-size\">Engebretsen, I., Munkhaugen, J., Bugge, C., Halvorsen, S., \u00d8degaard, K. M., St\u00f8vring, H., &amp; Kristiansen, I. S. (2022). <a href=\"https:\/\/doi.org\/10.1093\/ehjopen\/oeac070\">Gaps and discontinuation of statin treatment in Norway: potential for optimizing management of lipid lowering drugs<\/a>.&nbsp;<em>European Heart Journal Open<\/em>,&nbsp;<em>2<\/em>(6), oeac070.<\/p>\n\n\n\n<p class=\"has-small-font-size\">Engebretsen, I., Gilhus, N. E., Kristiansen, I. S., S\u00e6ther, E. M., Lindberg\u2010Schager, I., Arneberg, F., &amp; Bugge, C. (2024). <a href=\"https:\/\/doi.org\/10.1111\/ene.16233\">The epidemiology and societal costs of myasthenia gravis in Norway: A non\u2010interventional study using national registry data.<\/a> European Journal of Neurology, e16233.<\/p>\n\n\n\n<p class=\"has-small-font-size\">Hindhammer, A., Ali, Z., Lange, M., Pedersen, S.H., Steinland, E., S\u00e6ther, E.M., S\u00f8rbr\u00e5ten, T. (2012). <a href=\"https:\/\/omsorgsforskning.brage.unit.no\/omsorgsforskning-xmlui\/handle\/11250\/2445252\">Gir innf\u00f8ring av multidose riktigere legemiddelbruk?<\/a> <em>Norsk Farmas\u00f8ytisk tidsskrift 4\/2012<\/em>.<\/p>\n\n\n\n<p class=\"has-small-font-size\">Hovland R, Bremer S, Frigaard C, Henjum S, Faksv\u00e5g PK, S\u00e6ther EM and Kristiansen IS (2020). <a href=\"https:\/\/www.ncbi.nlm.nih.gov\/pmc\/articles\/PMC7384053\/#:~:text=The%20results%20of%20the%20study,concern%20about%20the%20new%20medicine.\">Effect of a pharmacist-led intervention on adherence among patients with a first-time prescription for a cardiovascular medicine: a randomized controlled trial in Norwegian pharmacies<\/a>. <em>International Journal of Pharmacy Practice<\/em>.<\/p>\n\n\n\n<p class=\"has-small-font-size\">Yngvil Solheim Husum, Ragnhild Haugli Br\u00e5ten, Erik Magnus S\u00e6ther, Morten Carstens Moe, Ivar S\u00f8nb\u00f8 Kristiansen, \u00d8ystein Kalsnes J\u00f8rstad (kommer i 2024). Intravitreal anti-vascular endothelial growth factor therapy for retinal diseases in Norway from 2011 to 2021: A combined registry and survey study. <em>Acta Ophthalmologica<\/em>.<\/p>\n\n\n\n<p class=\"has-small-font-size\">I. S. Kristiansen, R. H. Br\u00e5ten, \u00d8. K. J\u00f8rstad, M. C. Moe og E. M. S\u00e6ther (2019). <a href=\"https:\/\/pubmed.ncbi.nlm.nih.gov\/31587508\/#:~:text=The%20number%20of%20intravitreal%20injections,50%2B%20across%20Norway's%2019%20counties.\">Intravitreal therapy for retinal diseases in Norway 2011\u20132015<\/a>. <em>Acta Ophthalmologica. <\/em>doi: 10.1111\/aos.14262<\/p>\n\n\n\n<p class=\"has-small-font-size\">Kristiansen IS, Bugge C (2018). <a href=\"https:\/\/tidsskriftet.no\/2018\/05\/leder\/prioritering-i-pasienters-siste-levear\">Prioritering i pasienters siste leve\u00e5r<\/a>. <em>Tidsskriftet Den Norske Legeforening<\/em>.<\/p>\n\n\n\n<p class=\"has-small-font-size\">Kristiansen IS, Bugge C, Forde OH (2018). <a href=\"https:\/\/tidsskriftet.no\/2018\/06\/kronikk\/bidrar-overdiagnostikk-til-hoye-melanomtall#:~:text=I%20perioden%202006%E2%80%9315%20hadde,en%20betydelig%20grad%20av%20overdiagnostikk.\">Bidrar overdiagnostikk til h\u00f8ye melanomtall?<\/a> <em>Tidsskriftet Den Norske Legeforening<\/em>.<\/p>\n\n\n\n<p class=\"has-small-font-size\">L\u00f8yland, H. I., Pedersen, K., Sten-Gahmberg, S., Harsheim, I. G., S\u00e6ther, E. M., Iversen, T., &#8230; &amp; Abelsen, B. (2023). <a href=\"https:\/\/magmaforskning.econa.no\/index.php\/magma\/article\/view\/1426\">Effekter, gevinster og kostnader ved digital hjemmeoppf\u00f8lging \u2013 en samfunns\u00f8konomisk analyse basert p\u00e5 et pragmatisk randomisert fors\u00f8k<\/a>.&nbsp;<em>Magma<\/em>,&nbsp;<em>26<\/em>(5).<\/p>\n\n\n\n<p class=\"has-small-font-size\">Oteiza F, L\u00f8yland HI, Bugge C, Kristiansen IS, St\u00f8vring H (2021). <a href=\"https:\/\/www.researchgate.net\/publication\/353933188_Persistence_of_statin_treatment_-_the_impact_of_analytic_method_when_estimating_drug_survival\">Persistence of statin treatment \u2013 the impact of analytic method when estimating drug survival<\/a>. <em>Norsk Epidemiologi 2021; 29<\/em>.<\/p>\n\n\n\n<p class=\"has-small-font-size\">Pedersen, K., L\u00f8yland, H. I., S\u00e6ther, E. M., Sten-Gahmberg, S., Abelsen, B., Snilsberg, \u00d8., &amp; Iversen, T. (2023). <a href=\"https:\/\/magmaforskning.econa.no\/index.php\/magma\/article\/view\/1421\">Prim\u00e6rhelseteam \u2013 en mer teambasert fastlegetjeneste<\/a>.&nbsp;<em>Magma<\/em>,&nbsp;<em>26<\/em>(5).<\/p>\n\n\n\n<p class=\"has-small-font-size\">Sten-Gahmberg, S., Pedersen, K., Harsheim, I.G.&nbsp;et al.&nbsp;<a href=\"https:\/\/bmchealthservres.biomedcentral.com\/articles\/10.1186\/s12913-024-10732-7\" data-type=\"link\" data-id=\"https:\/\/bmchealthservres.biomedcentral.com\/articles\/10.1186\/s12913-024-10732-7\">Experiences with telemedicine-based follow-up of chronic conditions: the views of patients and health personnel enrolled in a pragmatic randomized controlled trial.<\/a>&nbsp;<em>BMC Health Serv Res<\/em>&nbsp;24, 341 (2024). <\/p>\n\n\n\n<p class=\"has-small-font-size\">Sten-Gahmberg, S., Pedersen, K., Harsheim, I.G.&nbsp;<em>et al.<\/em>&nbsp;<a href=\"https:\/\/doi.org\/10.1007\/s10198-023-01664-w\">Pragmatic randomized controlled trial comparing a complex telemedicine-based intervention with usual care in patients with chronic conditions<\/a>.&nbsp;<em>Eur J Health Econ<\/em>&nbsp;(2024). <\/p>\n\n\n\n<p class=\"has-small-font-size\">S\u00e6ther EM, Bugge C, Kristiansen IS (2017). <a href=\"https:\/\/overlegen.digital\/overlegen\/overlegen-2-2017\/den-nye-virkeligheten\/\">Den nye virkeligheten<\/a>. <em>Overlegen 2-2017:26-7<\/em>.<\/p>\n\n\n\n<p class=\"has-small-font-size\">S\u00e6ther EM, L\u00f8yland HI, Bugge C (2022). <a href=\"https:\/\/tidsskriftet.no\/en\/2022\/01\/perspectives\/economic-analysis-indicates-less-strict-infection-control-covid-19\">An economic analysis indicates less strict infection control of COVID-19.<\/a> <em>Tidsskriftet Den Norske Legeforening<\/em>.<\/p>\n\n\n\n<p class=\"has-small-font-size\">Torkki, P., Leskel\u00e4, R. L., Bugge, C., Torfadottir, J. E., &amp; Karjalainen, S. (2022). <a href=\"https:\/\/www.tandfonline.com\/doi\/full\/10.1080\/0284186X.2022.2124883\">Cancer-related costs should be allocated in a comparable way\u2014benchmarking costs of cancer in Nordic countries 2012\u20132017<\/a>.&nbsp;<em>Acta Oncologica<\/em>,&nbsp;<em>61<\/em>(10), 1216-1222.<\/p>\n\n\n\n<p class=\"has-small-font-size\">You can find more information about our work in health and life sciences <a href=\"http:\/\/osloeconomics.no\/bransjer\/helse-og-life-science\/\">on this page<\/a>.<\/p>\n\n\n\n<h2 class=\"wp-block-heading\">Competition, Markets and Regulation<\/h2>\n\n\n\n<p class=\"has-small-font-size\">Asphjell, M. K., Bergh, H. N., Merker, T., &amp; Skaar, J. (2017). <a href=\"https:\/\/link.springer.com\/article\/10.1007\/s11151-017-9566-z\">Unilateral effects of horizontal mergers with vertical relations between firms and other structural market changes<\/a>. <em>Review of Industrial Organization<\/em>, 51(3), 381-394.<\/p>\n\n\n\n<p class=\"has-small-font-size\">Bergh, H.N., Gramstad, A.R. &amp; Skaar, J. (2020). <a href=\"https:\/\/link.springer.com\/article\/10.1007\/s11151-019-09731-4\">Unilateral Price Effects and Vertical Relations Between Merging and Non-merging Firms<\/a>. <em>Review of Industrial Organization<\/em>. 57(1) 131-143.<\/p>\n\n\n\n<p class=\"has-small-font-size\">Bergh, H. N.; Hammersmark, E. M.; Hansen, J. S.; Skaar, J. (2020). Samfunns\u00f8konomiske konsekvenser av et forbud mot prisdiskriminering i det norske dagligvaremarkedet. Samfunns\u00f8konomen, 136(1), ss. 4-11.<\/p>\n\n\n\n<p class=\"has-small-font-size\">Braunfels E, Gramstad A, Skaar J (2019). <a href=\"https:\/\/konkurransetilsynet.no\/wp-content\/uploads\/2020\/02\/3_2019-Effiency-Gains-vs-Internalization-of-Rivalry.pdf\">Efficiency Gains vs. Internalization of Rivalry: Brand-Level Evidence from a Merger in the Mobile Telecom Market<\/a>. <\/p>\n\n\n\n<p class=\"has-small-font-size\">Evensen, C.B., Steen, F., &amp; Ulsaker, S.A. (2023). <a href=\"https:\/\/doi.org\/10.1093\/jeea\/jvad074\">Co-location, good, bad or both: How do new entries of discount variety stores affect local grocery businesses?<\/a>,&nbsp;<em>Journal of the European Economic Association<\/em><\/p>\n\n\n\n<p class=\"has-small-font-size\">You can find more information about our work in competition, markets and regulation <a href=\"http:\/\/osloeconomics.no\/bransjer\/konkurranse-marked-og-regulering\/\">on this page<\/a>.<\/p>\n\n\n\n<h2 class=\"wp-block-heading\">Culture, Sports and Media<\/h2>\n\n\n\n<p class=\"has-small-font-size\">Skille E\u00c5, Hanstad DV, Svensgaard M, Lien G, Bugge C (2021). <a href=\"https:\/\/www.idunn.no\/doi\/full\/10.18261\/issn.2535-2512-2021-04-06\">Lokale aktivitetsmidler &#8211; Implementering av den statlige idrettspolitikken<\/a>. <em>Norsk sosiologisk tidsskrift04 \/ 2021 (Volum 5)<\/em>.<\/p>\n\n\n\n<p class=\"has-small-font-size\">You can find more information about our work in culture, sports and media <a href=\"http:\/\/osloeconomics.no\/bransjer\/kultur-og-medier\/\">on this page<\/a>.<\/p>\n\n\n\n<h2 class=\"wp-block-heading\">Resources and Sustainability<\/h2>\n\n\n\n<p class=\"has-small-font-size\">Arag\u00f3n, F. M., Oteiza, F., &amp; Rud, J. P. (2021). <a href=\"https:\/\/www.aeaweb.org\/articles?id=10.1257\/pol.20190316\">Climate change and agriculture: Subsistence farmers\u2019 response to extreme heat<\/a>.&nbsp;<em>American Economic Journal: Economic Policy<\/em>,&nbsp;<em>13<\/em>(1), 1-35.<\/p>\n\n\n\n<p class=\"has-small-font-size\">Arin, P.; &amp; Braunfels, E. (2018). <a href=\"https:\/\/www.sciencedirect.com\/science\/article\/abs\/pii\/S0140988318300069?via%3Dihub\">The Resource Curse Revisited: A Bayesian Approach Model Averaging Approach<\/a>. <em>Energy Economics<\/em>, vol. 70(C), pages 170-178. <\/p>\n\n\n\n<p class=\"has-small-font-size\">You can find more information about our work in resources and sustainability <a href=\"http:\/\/osloeconomics.no\/bransjer\/ressurser-og-baerekraft\/\">on this page<\/a>.<\/p>\n\n\n\n<h2 class=\"wp-block-heading\">Development Economics<\/h2>\n\n\n\n<p class=\"has-small-font-size\">Abramovsky, L., Augsburg, B., L\u00fchrmann, M., Oteiza, F., &amp; Rud, J. P. (2023). <a href=\"https:\/\/www.sciencedirect.com\/science\/article\/pii\/S0305750X23000153?via%3Dihub\">Community matters: Heterogeneous impacts of a sanitation intervention<\/a>.&nbsp;<em>World Development<\/em>,&nbsp;<em>165<\/em>, 106197.<\/p>\n","protected":false},"excerpt":{"rendered":"<p>Health and Life Science Abelsen, B., Pedersen, K., L\u00f8yland, H. I., &amp; Aandahl, E. (2023). Expanding general practice with interprofessional [&hellip;]<\/p>\n","protected":false},"author":4,"featured_media":9864,"parent":0,"menu_order":0,"comment_status":"closed","ping_status":"closed","template":"","meta":{"_acf_changed":false,"footnotes":""},"class_list":["post-10327","page","type-page","status-publish","has-post-thumbnail","hentry"],"acf":[],"_links":{"self":[{"href":"https:\/\/osloeconomics.no\/en\/wp-json\/wp\/v2\/pages\/10327","targetHints":{"allow":["GET"]}}],"collection":[{"href":"https:\/\/osloeconomics.no\/en\/wp-json\/wp\/v2\/pages"}],"about":[{"href":"https:\/\/osloeconomics.no\/en\/wp-json\/wp\/v2\/types\/page"}],"author":[{"embeddable":true,"href":"https:\/\/osloeconomics.no\/en\/wp-json\/wp\/v2\/users\/4"}],"replies":[{"embeddable":true,"href":"https:\/\/osloeconomics.no\/en\/wp-json\/wp\/v2\/comments?post=10327"}],"version-history":[{"count":2,"href":"https:\/\/osloeconomics.no\/en\/wp-json\/wp\/v2\/pages\/10327\/revisions"}],"predecessor-version":[{"id":18755,"href":"https:\/\/osloeconomics.no\/en\/wp-json\/wp\/v2\/pages\/10327\/revisions\/18755"}],"wp:featuredmedia":[{"embeddable":true,"href":"https:\/\/osloeconomics.no\/en\/wp-json\/wp\/v2\/media\/9864"}],"wp:attachment":[{"href":"https:\/\/osloeconomics.no\/en\/wp-json\/wp\/v2\/media?parent=10327"}],"curies":[{"name":"wp","href":"https:\/\/api.w.org\/{rel}","templated":true}]}}