{"id":14631,"date":"2021-11-16T11:09:35","date_gmt":"2021-11-16T10:09:35","guid":{"rendered":"http:\/\/osloeconomics.no\/industries\/vare-forskningsgrupper\/"},"modified":"2022-05-24T17:05:31","modified_gmt":"2022-05-24T15:05:31","slug":"vare-forskningsgrupper","status":"publish","type":"page","link":"https:\/\/osloeconomics.no\/de\/industries\/vare-forskningsgrupper\/","title":{"rendered":"Forschungsgruppen"},"content":{"rendered":"\n<p>Oslo Economics besteht aus mehreren Fachgruppen mit spezialisierter Forschungsexpertise, die sowohl Berichte als auch wissenschaftliche Artikel in f\u00fchrenden Zeitschriften ver\u00f6ffentlichen. Wir rekrutieren Mitarbeiter mit formaler Forschungskompetenz (PhD\/Doktortitel) und beteiligen uns aktiv an Konferenzen, Seminaren und anderen Beitr\u00e4gen zur \u00f6ffentlichen Debatte. Besonders starke Berufsgruppen haben wir unter anderem in den Bereichen Gesundheits\u00f6konomie, Wettbewerbs\u00f6konomie und Regulierung, Arbeitsmarkt\u00f6konomie, Bildung und Soziales.<\/p>\n\n\n\n<ul class=\"has-medium-font-size wp-block-list\"><li>Wir ver\u00f6ffentlichen Forschungsarbeiten in f\u00fchrenden wissenschaftlichen Zeitschriften<\/li><li>Wir beteiligen uns an professionellen Netzwerken, besuchen Konferenzen und Seminare und f\u00fchren Peer-Reviews von wissenschaftlichen Artikeln durch<\/li><li>Durch Vorlesungen und als Pr\u00fcfer an Hochschulen und Universit\u00e4ten tragen wir zur Lehre bei<\/li><li>Wir haben assoziierte Partner in Forschungspositionen und eine Reihe weiterer Partner an unterschiedlichen Forschungseinrichtungen<\/li><li>Wir sind eine anerkannte Forschungseinrichtung bei Statistics Norway und haben Zugriff auf wichtige Datenbasen in Norwegen<\/li><li>Wir verf\u00fcgen \u00fcber die notwendige Kompetenz und Erfahrung im Umgang mit sensiblen Daten, einschlie\u00dflich notwendiger Verfahren und Antr\u00e4ge zur Verarbeitung personenbezogener Registerdaten<\/li><\/ul>\n","protected":false},"excerpt":{"rendered":"<p>Oslo Economics besteht aus mehreren Fachgruppen mit spezialisierter Forschungsexpertise, die sowohl Berichte als auch wissenschaftliche Artikel in f\u00fchrenden Zeitschriften ver\u00f6ffentlichen. [&hellip;]<\/p>\n","protected":false},"author":4,"featured_media":14497,"parent":14613,"menu_order":0,"comment_status":"closed","ping_status":"closed","template":"","meta":{"_acf_changed":false,"footnotes":""},"class_list":["post-14631","page","type-page","status-publish","has-post-thumbnail","hentry"],"acf":[],"_links":{"self":[{"href":"https:\/\/osloeconomics.no\/de\/wp-json\/wp\/v2\/pages\/14631","targetHints":{"allow":["GET"]}}],"collection":[{"href":"https:\/\/osloeconomics.no\/de\/wp-json\/wp\/v2\/pages"}],"about":[{"href":"https:\/\/osloeconomics.no\/de\/wp-json\/wp\/v2\/types\/page"}],"author":[{"embeddable":true,"href":"https:\/\/osloeconomics.no\/de\/wp-json\/wp\/v2\/users\/4"}],"replies":[{"embeddable":true,"href":"https:\/\/osloeconomics.no\/de\/wp-json\/wp\/v2\/comments?post=14631"}],"version-history":[{"count":2,"href":"https:\/\/osloeconomics.no\/de\/wp-json\/wp\/v2\/pages\/14631\/revisions"}],"predecessor-version":[{"id":14805,"href":"https:\/\/osloeconomics.no\/de\/wp-json\/wp\/v2\/pages\/14631\/revisions\/14805"}],"up":[{"embeddable":true,"href":"https:\/\/osloeconomics.no\/de\/wp-json\/wp\/v2\/pages\/14613"}],"wp:featuredmedia":[{"embeddable":true,"href":"https:\/\/osloeconomics.no\/de\/wp-json\/wp\/v2\/media\/14497"}],"wp:attachment":[{"href":"https:\/\/osloeconomics.no\/de\/wp-json\/wp\/v2\/media?parent=14631"}],"curies":[{"name":"wp","href":"https:\/\/api.w.org\/{rel}","templated":true}]}}