{"id":14624,"date":"2021-11-23T11:37:05","date_gmt":"2021-11-23T10:37:05","guid":{"rendered":"http:\/\/osloeconomics.no\/industries\/resources-and-sustainability\/"},"modified":"2022-05-23T14:10:38","modified_gmt":"2022-05-23T12:10:38","slug":"resources-and-sustainability","status":"publish","type":"page","link":"https:\/\/osloeconomics.no\/de\/industries\/resources-and-sustainability\/","title":{"rendered":"Energie, nat\u00fcrliche Ressourcen und Nachhaltigkeit"},"content":{"rendered":"\n<p>Die Art und Weise, wie wir mit unseren gemeinsamen nat\u00fcrlichen Ressourcen umgehen und eine nachhaltige Entwicklung unserer Gesellschaft sicherstellen, geh\u00f6rt zu den gr\u00f6\u00dften Herausforderungen unserer Zeit. Ein verst\u00e4rkter Fokus auf Energieeffizienz, einen verantwortungsvollen Umgang mit der Natur und die Nutzung erneuerbarer Energiequellen ist notwendig, um den \u00dcbergang zu einer emissionsarmen Gesellschaft zu sichern und die UN-Nachhaltigkeitsziele sowie die Ziele des Pariser Abkommens zu erreichen. Die Umstrukturierung des Energiesektors, die Elektrifizierung und der Aufbau neuer nachhaltiger Industrien sind wichtige Bestandteile des \u00dcbergangs zu einer emissionsarmen Gesellschaft.<br><br>Als eines der f\u00fchrenden Unternehmen auf dem Gebiet im Vorreiterland Norwegen verf\u00fcgt Oslo Economics \u00fcber umfangreiche Erfahrungen in verschiedenen Bereichen des Energiesektors, wie z.B.::<\/p>\n\n\n\n<ul class=\"has-medium-font-size wp-block-list\"><li>Marktgestaltung<\/li><li>Wettbewerbsbedingungen <\/li><li>Regulierung des Stromnetzes <\/li><li>Gestaltung von Tarifen <\/li><li>Betrieb des Stromnetzes <\/li><li>EU-Verordnungen <\/li><li>Ausbau des Stromnetzes und andere Netzinvestitionen<\/li><\/ul>\n\n\n\n<p>Die Umwelt-, Natur- und Ressourcenwirtschaft gewinnt f\u00fcr Unternehmen und Beh\u00f6rden zunehmend an Bedeutung. In diesem Bereich verf\u00fcgen unsere Berater \u00fcber ein breites Fachwissen in einer Reihe von Bereichen, darunter::<\/p>\n\n\n\n<ul class=\"has-medium-font-size wp-block-list\"><li>Bewertung der Auswirkungen auf Natur und Umwelt<\/li><li>Nationale und internationale Vorschriften und Zielvorgaben<\/li><li>Kosten f\u00fcr die R\u00fcckg\u00e4ngigmachung von Eingriffen in die Natur<\/li><li>Bewertung von nat\u00fcrlichen Ressourcen und \u00d6kosystemleistungen<\/li><\/ul>\n\n\n\n<p>Wir liefert gr\u00fcndliche Analysen die den Bed\u00fcrfnissen unserer Kunden entsprechen und eine solide und ganzheitliche Grundlage f\u00fcr Entscheidungstr\u00e4ger schaffen. Dabei legen wir Wert auf eine klare und verst\u00e4ndliche Vermittlung und Pr\u00e4sentation der Ergebnisse, Erkenntnisse und Empfehlungen.<\/p>\n","protected":false},"excerpt":{"rendered":"<p>Die Art und Weise, wie wir mit unseren gemeinsamen nat\u00fcrlichen Ressourcen umgehen und eine nachhaltige Entwicklung unserer Gesellschaft sicherstellen, geh\u00f6rt [&hellip;]<\/p>\n","protected":false},"author":4,"featured_media":14503,"parent":14613,"menu_order":0,"comment_status":"closed","ping_status":"closed","template":"","meta":{"_acf_changed":false,"footnotes":""},"class_list":["post-14624","page","type-page","status-publish","has-post-thumbnail","hentry"],"acf":[],"_links":{"self":[{"href":"https:\/\/osloeconomics.no\/de\/wp-json\/wp\/v2\/pages\/14624","targetHints":{"allow":["GET"]}}],"collection":[{"href":"https:\/\/osloeconomics.no\/de\/wp-json\/wp\/v2\/pages"}],"about":[{"href":"https:\/\/osloeconomics.no\/de\/wp-json\/wp\/v2\/types\/page"}],"author":[{"embeddable":true,"href":"https:\/\/osloeconomics.no\/de\/wp-json\/wp\/v2\/users\/4"}],"replies":[{"embeddable":true,"href":"https:\/\/osloeconomics.no\/de\/wp-json\/wp\/v2\/comments?post=14624"}],"version-history":[{"count":1,"href":"https:\/\/osloeconomics.no\/de\/wp-json\/wp\/v2\/pages\/14624\/revisions"}],"predecessor-version":[{"id":14626,"href":"https:\/\/osloeconomics.no\/de\/wp-json\/wp\/v2\/pages\/14624\/revisions\/14626"}],"up":[{"embeddable":true,"href":"https:\/\/osloeconomics.no\/de\/wp-json\/wp\/v2\/pages\/14613"}],"wp:featuredmedia":[{"embeddable":true,"href":"https:\/\/osloeconomics.no\/de\/wp-json\/wp\/v2\/media\/14503"}],"wp:attachment":[{"href":"https:\/\/osloeconomics.no\/de\/wp-json\/wp\/v2\/media?parent=14624"}],"curies":[{"name":"wp","href":"https:\/\/api.w.org\/{rel}","templated":true}]}}