{"id":14620,"date":"2021-11-23T11:37:05","date_gmt":"2021-11-23T10:37:05","guid":{"rendered":"http:\/\/osloeconomics.no\/industries\/finance-and-tax\/"},"modified":"2022-05-24T17:04:53","modified_gmt":"2022-05-24T15:04:53","slug":"finance-and-tax","status":"publish","type":"page","link":"https:\/\/osloeconomics.no\/de\/industries\/finance-and-tax\/","title":{"rendered":"Finanzen und Steuern"},"content":{"rendered":"\n<p>Der&nbsp; Finanzsektor spielt eine wichtige Rolle bei der Wertsch\u00f6pfung, dem Wirtschaftswachstum und dem \u00dcbergang. Die Branche unterliegt einem umfassenden und komplexen regulatorischen Umfeld, das sich st\u00e4ndig weiterentwickelt. F\u00fcr das Wohlergehen der norwegischen Wirtschaft ist es von entscheidender Bedeutung, dass die finanzielle Stabilit\u00e4t und gut funktionierende M\u00e4rkte gew\u00e4hrleistet sind. Beh\u00f6rden wie die norwegische Finanzaufsichtsbeh\u00f6rde (Finanstilsynet), das Finanzministerium (Finansdepartementet) und die norwegische Steuerverwaltung (Skatteetaten) spielen in dieser Hinsicht eine wichtige Rolle. Unsere Berater verf\u00fcgen \u00fcber umfassende Erfahrung in Fragen, die sowohl finanz- und steuerpolitische als auch allgemeinere wirtschaftliche \u00dcberlegungen betreffen. Wir verf\u00fcgen auch \u00fcber Fachwissen im Bereich traditioneller finanzieller Bewertungsmethoden, z.B. Bewertungen, Marktanalysen, Prognosen, Unternehmensbewertungen, Evaluierungen von Finanzmodellen und Investitionsstrategien. Unsere bisherigen Projekterfahrungen umfassen:<\/p>\n\n\n\n<ul class=\"has-medium-font-size wp-block-list\"><li>Analyse der Finanzpolitik<\/li><li>Folgenabsch\u00e4tzungen von steuerpolitischen Regelungen <\/li><li>Unternehmensbewertungen<\/li><li>Kapitalbedarfsberechnung<\/li><li>Bewertung von Rentabilit\u00e4tsraten<\/li><li>Analyse von Jahresabschl\u00fcssen<\/li><li>Empfehlungen von Finanzierungspl\u00e4nen und -modellen <\/li><li>Modellierung <\/li><li>Analyse der Finanzm\u00e4rkte <\/li><li>Bewertung von Finanzvorschriften <\/li><li>Bewertungen von \u00f6ffentlichen Ma\u00dfnahmen und Vorschriftens<\/li><\/ul>\n","protected":false},"excerpt":{"rendered":"<p>Der&nbsp; Finanzsektor spielt eine wichtige Rolle bei der Wertsch\u00f6pfung, dem Wirtschaftswachstum und dem \u00dcbergang. Die Branche unterliegt einem umfassenden und [&hellip;]<\/p>\n","protected":false},"author":4,"featured_media":13063,"parent":14613,"menu_order":0,"comment_status":"closed","ping_status":"closed","template":"","meta":{"_acf_changed":false,"footnotes":""},"class_list":["post-14620","page","type-page","status-publish","has-post-thumbnail","hentry"],"acf":[],"_links":{"self":[{"href":"https:\/\/osloeconomics.no\/de\/wp-json\/wp\/v2\/pages\/14620","targetHints":{"allow":["GET"]}}],"collection":[{"href":"https:\/\/osloeconomics.no\/de\/wp-json\/wp\/v2\/pages"}],"about":[{"href":"https:\/\/osloeconomics.no\/de\/wp-json\/wp\/v2\/types\/page"}],"author":[{"embeddable":true,"href":"https:\/\/osloeconomics.no\/de\/wp-json\/wp\/v2\/users\/4"}],"replies":[{"embeddable":true,"href":"https:\/\/osloeconomics.no\/de\/wp-json\/wp\/v2\/comments?post=14620"}],"version-history":[{"count":3,"href":"https:\/\/osloeconomics.no\/de\/wp-json\/wp\/v2\/pages\/14620\/revisions"}],"predecessor-version":[{"id":14804,"href":"https:\/\/osloeconomics.no\/de\/wp-json\/wp\/v2\/pages\/14620\/revisions\/14804"}],"up":[{"embeddable":true,"href":"https:\/\/osloeconomics.no\/de\/wp-json\/wp\/v2\/pages\/14613"}],"wp:featuredmedia":[{"embeddable":true,"href":"https:\/\/osloeconomics.no\/de\/wp-json\/wp\/v2\/media\/13063"}],"wp:attachment":[{"href":"https:\/\/osloeconomics.no\/de\/wp-json\/wp\/v2\/media?parent=14620"}],"curies":[{"name":"wp","href":"https:\/\/api.w.org\/{rel}","templated":true}]}}