{"id":14616,"date":"2021-11-23T11:37:09","date_gmt":"2021-11-23T10:37:09","guid":{"rendered":"http:\/\/osloeconomics.no\/industries\/competition-and-market-analysis\/"},"modified":"2022-05-24T17:03:48","modified_gmt":"2022-05-24T15:03:48","slug":"competition-and-market-analysis","status":"publish","type":"page","link":"https:\/\/osloeconomics.no\/de\/industries\/competition-and-market-analysis\/","title":{"rendered":"Wettbewerb und Antitrust"},"content":{"rendered":"\n<p>Das allgemeine Kartellrecht &#8211; und in einigen F\u00e4llen auch sektorspezifische Vorschriften &#8211; schr\u00e4nken die Handlungsm\u00f6glichkeiten von Unternehmen auf einem Markt ein. In vielen F\u00e4llen ist eine wirtschaftliche Analyse erforderlich, um den Umfang der den Unternehmen und Beh\u00f6rden zur Verf\u00fcgung stehenden Ma\u00dfnahmen zu bestimmen. Oslo Economics ist ein hoch anerkanntes Unternehmen im Bereich der Wettbewerbs\u00f6konomie. Mehrere unserer Mitarbeiter geh\u00f6ren zu den f\u00fchrenden Wettbewerbs\u00f6konomen der Welt und hatten zentrale Positionen bei nationalen und internationalen Wettbewerbsbeh\u00f6rden inne. Durch Forschung und Publikationen in renommierten akademischen Fachzeitschriften tragen wir auch entscheidend zur methodischen und fachlichen Weiterentwicklung der wettbewerbs\u00f6konomischen Analyse und zur \u00f6ffentlichen Debatte auf diesem Gebiet bei.<\/p>\n\n\n\n<p>Auf der Grundlage unseres Fachwissens, unseres Marktverst\u00e4ndnisses und des Einsatzes f\u00fchrender und robuster Methoden helfen wir unseren Kunden, Anforderungen, regulatorische Eingriffe und Beschr\u00e4nkungen, die sich auf ihre T\u00e4tigkeit auswirken, zu verstehen und damit umzugehen. Oslo Economics bietet Berichte zur Wettbewerbs\u00f6konomie, Marktanalysen und weitergehende Unterst\u00fctzung zu Themen der Wettbewerbs\u00f6konomie und Regulierung.<br><br>Auf der Grundlage unseres Fachwissens, unseres Marktverst\u00e4ndnisses und des Einsatzes f\u00fchrender und Wir unterst\u00fctzen Unternehmen und Interessengruppen in Fragen, die von nationalen und internationalen Wettbewerbsbeh\u00f6rden untersucht werden, z. B. in folgenden F\u00e4llen:<\/p>\n\n\n\n<ul class=\"has-medium-font-size wp-block-list\"><li>Fusionen<\/li><li>Verst\u00f6\u00dfe gegen das Wettbewerbsrecht (z.B. horizontale oder vertikale Absprachen zwischen Unternehmen oder Missbrauch einer Marktdominierenden Stellung)<\/li><li>Schadenersatz und Kompensationszahlungen<\/li><\/ul>\n\n\n\n<p>Wir unterst\u00fctzen Beh\u00f6rden und ber\u00fchrte Parteien mit unserer Expertise in den Bereichen:<\/p>\n\n\n\n<ul class=\"has-medium-font-size wp-block-list\"><li>Sektorspezifische Vorschriften <\/li><li>\u00d6ffentliches Beschaffungswesen<\/li><li>Staatliche Subventionen<\/li><\/ul>\n\n\n\n<p>Unsere Experten bieten Fachwissen sowohl in theoretischen als auch empirischen Fragen der Wettbewerbs- und Regulierungs\u00f6konomie basierend auf langj\u00e4hriger Praxiserfahrung und einschl\u00e4giger Forschung und Promotionen. Dar\u00fcber hinaus arbeiten wir mit f\u00fchrenden Juristen des Wettbewerbsrechts zusammen und k\u00f6nnen auf ein Netzwerk von Professoren der Industrie\u00f6konomie zur\u00fcckgreifen.<\/p>\n","protected":false},"excerpt":{"rendered":"<p>Das allgemeine Kartellrecht &#8211; und in einigen F\u00e4llen auch sektorspezifische Vorschriften &#8211; schr\u00e4nken die Handlungsm\u00f6glichkeiten von Unternehmen auf einem Markt [&hellip;]<\/p>\n","protected":false},"author":4,"featured_media":13699,"parent":14613,"menu_order":0,"comment_status":"closed","ping_status":"closed","template":"","meta":{"_acf_changed":false,"footnotes":""},"class_list":["post-14616","page","type-page","status-publish","has-post-thumbnail","hentry"],"acf":[],"_links":{"self":[{"href":"https:\/\/osloeconomics.no\/de\/wp-json\/wp\/v2\/pages\/14616","targetHints":{"allow":["GET"]}}],"collection":[{"href":"https:\/\/osloeconomics.no\/de\/wp-json\/wp\/v2\/pages"}],"about":[{"href":"https:\/\/osloeconomics.no\/de\/wp-json\/wp\/v2\/types\/page"}],"author":[{"embeddable":true,"href":"https:\/\/osloeconomics.no\/de\/wp-json\/wp\/v2\/users\/4"}],"replies":[{"embeddable":true,"href":"https:\/\/osloeconomics.no\/de\/wp-json\/wp\/v2\/comments?post=14616"}],"version-history":[{"count":3,"href":"https:\/\/osloeconomics.no\/de\/wp-json\/wp\/v2\/pages\/14616\/revisions"}],"predecessor-version":[{"id":14802,"href":"https:\/\/osloeconomics.no\/de\/wp-json\/wp\/v2\/pages\/14616\/revisions\/14802"}],"up":[{"embeddable":true,"href":"https:\/\/osloeconomics.no\/de\/wp-json\/wp\/v2\/pages\/14613"}],"wp:featuredmedia":[{"embeddable":true,"href":"https:\/\/osloeconomics.no\/de\/wp-json\/wp\/v2\/media\/13699"}],"wp:attachment":[{"href":"https:\/\/osloeconomics.no\/de\/wp-json\/wp\/v2\/media?parent=14616"}],"curies":[{"name":"wp","href":"https:\/\/api.w.org\/{rel}","templated":true}]}}