{"id":14605,"date":"2022-02-17T14:38:08","date_gmt":"2022-02-17T13:38:08","guid":{"rendered":"http:\/\/osloeconomics.no\/services\/financial-analyses\/"},"modified":"2022-05-24T17:08:18","modified_gmt":"2022-05-24T15:08:18","slug":"financial-analyses","status":"publish","type":"page","link":"https:\/\/osloeconomics.no\/de\/services\/financial-analyses\/","title":{"rendered":"Finanzanalyse"},"content":{"rendered":"\n<p>Oslo Economics bietet eine Vielzahl an Analysen und Dienstleistungen im Bereich der Finanz\u00f6konomie und \u00f6ffentliche Finanzen an. Unsere Berater verf\u00fcgen \u00fcber fundierte methodische Kenntnisse in den Bereichen Bewertung, Marktanalyse, Zeitreihenanalyse, Modellierung, Prognosen und anderen relevanten Instrumenten. Wir haben Erfahrung mit Analysen und Studien zu \u00f6ffentlichen Finanzinstrumenten sowie mit Fragen der Regulierung von Finanzm\u00e4rkten und deren Bedeutung f\u00fcr die sozio\u00f6konomische Effizienz. Wir verf\u00fcgen auch \u00fcber extensive Erfahrung aus den Bereichen Pension und Versicherungen. Beispiele f\u00fcr unsere Dienstleistungen:<\/p>\n\n\n\n<ul class=\"wp-block-list\"><li>Unternehmensbewertungen<\/li><li>Kommerzielle Due-Diligence-Pr\u00fcfungen <\/li><li>Marktanalysen <\/li><li>Analysen der Marktaussichten und der Marktpositionierung <\/li><li>Analysen zu regulatorischen Fragen<\/li><\/ul>\n","protected":false},"excerpt":{"rendered":"<p>Oslo Economics bietet eine Vielzahl an Analysen und Dienstleistungen im Bereich der Finanz\u00f6konomie und \u00f6ffentliche Finanzen an. Unsere Berater verf\u00fcgen [&hellip;]<\/p>\n","protected":false},"author":4,"featured_media":14100,"parent":14587,"menu_order":2,"comment_status":"closed","ping_status":"closed","template":"","meta":{"_acf_changed":false,"footnotes":""},"class_list":["post-14605","page","type-page","status-publish","has-post-thumbnail","hentry"],"acf":[],"_links":{"self":[{"href":"https:\/\/osloeconomics.no\/de\/wp-json\/wp\/v2\/pages\/14605","targetHints":{"allow":["GET"]}}],"collection":[{"href":"https:\/\/osloeconomics.no\/de\/wp-json\/wp\/v2\/pages"}],"about":[{"href":"https:\/\/osloeconomics.no\/de\/wp-json\/wp\/v2\/types\/page"}],"author":[{"embeddable":true,"href":"https:\/\/osloeconomics.no\/de\/wp-json\/wp\/v2\/users\/4"}],"replies":[{"embeddable":true,"href":"https:\/\/osloeconomics.no\/de\/wp-json\/wp\/v2\/comments?post=14605"}],"version-history":[{"count":2,"href":"https:\/\/osloeconomics.no\/de\/wp-json\/wp\/v2\/pages\/14605\/revisions"}],"predecessor-version":[{"id":14815,"href":"https:\/\/osloeconomics.no\/de\/wp-json\/wp\/v2\/pages\/14605\/revisions\/14815"}],"up":[{"embeddable":true,"href":"https:\/\/osloeconomics.no\/de\/wp-json\/wp\/v2\/pages\/14587"}],"wp:featuredmedia":[{"embeddable":true,"href":"https:\/\/osloeconomics.no\/de\/wp-json\/wp\/v2\/media\/14100"}],"wp:attachment":[{"href":"https:\/\/osloeconomics.no\/de\/wp-json\/wp\/v2\/media?parent=14605"}],"curies":[{"name":"wp","href":"https:\/\/api.w.org\/{rel}","templated":true}]}}