{"id":14601,"date":"2021-11-23T11:37:03","date_gmt":"2021-11-23T10:37:03","guid":{"rendered":"http:\/\/osloeconomics.no\/services\/socio-economic-analyzes\/"},"modified":"2022-05-23T12:29:48","modified_gmt":"2022-05-23T10:29:48","slug":"socio-economic-analyzes","status":"publish","type":"page","link":"https:\/\/osloeconomics.no\/de\/services\/socio-economic-analyzes\/","title":{"rendered":"Volkswirtschaftliche Kosten-Nutzen-Analyse"},"content":{"rendered":"\n<p>Volkswirtschaftliche Kosten-Nutzen-Analysen zielen darauf ab, die Folgen \u00f6ffentlicher Ma\u00dfnahmen abzubilden, aufzuzeigen und zu systematisieren \u2013 in der Regel, bevor Entscheidungen getroffen werden. Ein zentraler Bestandteil der Analyse ist die Ber\u00fccksichtigung aller Effekte. Externe und indirekte Effekte sind ebenso wichtig wie direkte Effekte und Auswirkungen auf den Entscheidungsakteur. Qualitativ hochwertige Analysen sind das Ergebnis gr\u00fcndlicher Recherchen zur Erfassung der Beteiligten und zur Ermittlung und Bewertung der Auswirkungen. Diese Analysen dienen den Beh\u00f6rden als wichtige Entscheidungshilfe bei der Auswahl von Ma\u00dfnahmen und sind auch f\u00fcr private Akteure, die mit \u00f6ffentlichen Entscheidungsprozessen zu tun haben, wertvoll<\/p>\n\n\n\n<p>Oslo Economics bietet wirtschaftliche Analysen f\u00fcr \u00f6ffentliche und private Unternehmen im Zusammenhang mit Investitionen und der Umsetzung \u00f6ffentlicher Ma\u00dfnahmen. Wir verf\u00fcgen \u00fcber umfangreiche Erfahrungen mit der Anwendung von sektoralen Richtlinien und Instrumenten zur wirtschaftlichen Analyse in Bereichen wie Verkehr, Energiewirtschaft, Digitalisierung und \u00f6ffentliches Auftragswesen. Wir legen Wert auf eine p\u00e4dagogische Darstellung von quantifizierbaren und nicht quantifizierbaren Effekten, Unsicherheit und Verteilungseffekten und pr\u00e4sentieren eine Gesamtbewertung und ein Ranking alternativer Ma\u00dfnahmen.<\/p>\n","protected":false},"excerpt":{"rendered":"<p>Volkswirtschaftliche Kosten-Nutzen-Analysen zielen darauf ab, die Folgen \u00f6ffentlicher Ma\u00dfnahmen abzubilden, aufzuzeigen und zu systematisieren \u2013 in der Regel, bevor Entscheidungen [&hellip;]<\/p>\n","protected":false},"author":4,"featured_media":13700,"parent":14587,"menu_order":0,"comment_status":"closed","ping_status":"closed","template":"","meta":{"_acf_changed":false,"footnotes":""},"class_list":["post-14601","page","type-page","status-publish","has-post-thumbnail","hentry"],"acf":[],"_links":{"self":[{"href":"https:\/\/osloeconomics.no\/de\/wp-json\/wp\/v2\/pages\/14601","targetHints":{"allow":["GET"]}}],"collection":[{"href":"https:\/\/osloeconomics.no\/de\/wp-json\/wp\/v2\/pages"}],"about":[{"href":"https:\/\/osloeconomics.no\/de\/wp-json\/wp\/v2\/types\/page"}],"author":[{"embeddable":true,"href":"https:\/\/osloeconomics.no\/de\/wp-json\/wp\/v2\/users\/4"}],"replies":[{"embeddable":true,"href":"https:\/\/osloeconomics.no\/de\/wp-json\/wp\/v2\/comments?post=14601"}],"version-history":[{"count":1,"href":"https:\/\/osloeconomics.no\/de\/wp-json\/wp\/v2\/pages\/14601\/revisions"}],"predecessor-version":[{"id":14603,"href":"https:\/\/osloeconomics.no\/de\/wp-json\/wp\/v2\/pages\/14601\/revisions\/14603"}],"up":[{"embeddable":true,"href":"https:\/\/osloeconomics.no\/de\/wp-json\/wp\/v2\/pages\/14587"}],"wp:featuredmedia":[{"embeddable":true,"href":"https:\/\/osloeconomics.no\/de\/wp-json\/wp\/v2\/media\/13700"}],"wp:attachment":[{"href":"https:\/\/osloeconomics.no\/de\/wp-json\/wp\/v2\/media?parent=14601"}],"curies":[{"name":"wp","href":"https:\/\/api.w.org\/{rel}","templated":true}]}}