{"id":14597,"date":"2021-11-23T11:37:03","date_gmt":"2021-11-23T10:37:03","guid":{"rendered":"http:\/\/osloeconomics.no\/services\/competition-and-market-analysis\/"},"modified":"2022-05-24T17:10:40","modified_gmt":"2022-05-24T15:10:40","slug":"competition-and-market-analysis","status":"publish","type":"page","link":"https:\/\/osloeconomics.no\/de\/services\/competition-and-market-analysis\/","title":{"rendered":"Wettbewerb und Antitrust"},"content":{"rendered":"\n<p>Oslo Economics ist ein hoch angesehenes Beratungs- und Analyseunternehmen auf dem Gebiet der Wettbewerbs- und Industrie\u00f6konomie. Mehrere unserer Mitarbeiter geh\u00f6ren zu den f\u00fchrenden Wettbewerbs\u00f6konomen der Welt und hatten zentrale Positionen bei nationalen und internationalen Wettbewerbsbeh\u00f6rden inne. Durch Forschung und Publikationen in renommierten akademischen Fachzeitschriften tragen wir auch entscheidend zur methodischen und fachlichen Weiterentwicklung der wettbewerbs\u00f6konomischen Analyse bei.<\/p>\n\n\n\n<p>Unsere Schwerpunkte sind Fusionen, wettbewerbswidrige Praktiken (horizontale und vertikale Absprachen, Missbrauch marktdominierender Stellung), Rechtsstreitigkeiten und die Bewertung von Regulierungsrisiken. Wir nutzen Wirtschaftstheorie, \u00d6konometrie sowie sektorale und regulatorische Fachkenntnisse, um die Feinheiten und Herausforderungen des einzelnen Falles zu erfassen. Dar\u00fcber hinaus setzen wir das wettbewerbs\u00f6konomische und kartellrechtliche Instrumentarium ein, um private und \u00f6ffentliche Kunden bei Fragen zu regulatorischen Herausforderungen und Marktanalysen zu beraten.<\/p>\n\n\n\n<p>Auf der Grundlage unserer umfassenden Erfahrung passen wir unsere Analysen jedem Projekt individuell an. Dadurch bieten wir unseren Kunden eine Beratung, auf die sie sich verlassen k\u00f6nnen, wenn viel auf dem Spiel steht. Die Experten von Oslo Economics sagen regelm\u00e4\u00dfig vor Gericht aus und reichen im Namen ihrer Kunden Stellungnahmen bei den Wettbewerbsbeh\u00f6rden ein. Unsere Analysen zeichnen sich durch klare und \u00fcberzeugende Argumente aus, die f\u00fcr ein nicht-\u00f6konomisches Publikum zug\u00e4nglich formuliert sind.<\/p>\n","protected":false},"excerpt":{"rendered":"<p>Oslo Economics ist ein hoch angesehenes Beratungs- und Analyseunternehmen auf dem Gebiet der Wettbewerbs- und Industrie\u00f6konomie. Mehrere unserer Mitarbeiter geh\u00f6ren [&hellip;]<\/p>\n","protected":false},"author":4,"featured_media":13699,"parent":14587,"menu_order":0,"comment_status":"closed","ping_status":"closed","template":"","meta":{"_acf_changed":false,"footnotes":""},"class_list":["post-14597","page","type-page","status-publish","has-post-thumbnail","hentry"],"acf":[],"_links":{"self":[{"href":"https:\/\/osloeconomics.no\/de\/wp-json\/wp\/v2\/pages\/14597","targetHints":{"allow":["GET"]}}],"collection":[{"href":"https:\/\/osloeconomics.no\/de\/wp-json\/wp\/v2\/pages"}],"about":[{"href":"https:\/\/osloeconomics.no\/de\/wp-json\/wp\/v2\/types\/page"}],"author":[{"embeddable":true,"href":"https:\/\/osloeconomics.no\/de\/wp-json\/wp\/v2\/users\/4"}],"replies":[{"embeddable":true,"href":"https:\/\/osloeconomics.no\/de\/wp-json\/wp\/v2\/comments?post=14597"}],"version-history":[{"count":4,"href":"https:\/\/osloeconomics.no\/de\/wp-json\/wp\/v2\/pages\/14597\/revisions"}],"predecessor-version":[{"id":14816,"href":"https:\/\/osloeconomics.no\/de\/wp-json\/wp\/v2\/pages\/14597\/revisions\/14816"}],"up":[{"embeddable":true,"href":"https:\/\/osloeconomics.no\/de\/wp-json\/wp\/v2\/pages\/14587"}],"wp:featuredmedia":[{"embeddable":true,"href":"https:\/\/osloeconomics.no\/de\/wp-json\/wp\/v2\/media\/13699"}],"wp:attachment":[{"href":"https:\/\/osloeconomics.no\/de\/wp-json\/wp\/v2\/media?parent=14597"}],"curies":[{"name":"wp","href":"https:\/\/api.w.org\/{rel}","templated":true}]}}