{"id":14590,"date":"2021-11-23T11:37:15","date_gmt":"2021-11-23T10:37:15","guid":{"rendered":"http:\/\/osloeconomics.no\/services\/expert-assistance\/"},"modified":"2022-05-24T17:06:23","modified_gmt":"2022-05-24T15:06:23","slug":"expert-assistance","status":"publish","type":"page","link":"https:\/\/osloeconomics.no\/de\/services\/expert-assistance\/","title":{"rendered":"Schadensanalyse bei Handels- und kartellrechtlichen Streitigkeiten"},"content":{"rendered":"\n<p>Bei handels- und kartellrechtlichen Rechtsstreitigkeiten stellen sich h\u00e4ufig komplexe wirtschaftliche Fragen in Bezug auf die wirtschaftlichen Anreize der Parteien und die Quantifizierung des Schadensersatzes. Oslo Economics erstellt \u00f6konomische Gutachten auf der Grundlage umfassender Analysen und verf\u00fcgt \u00fcber umfangreiche Erfahrung in der Beratung und Unterst\u00fctzung von Mandanten in F\u00e4llen, in denen es oft um hohe Betr\u00e4ge geht.<\/p>\n\n\n\n<p>Durch die Kombination unserer unternehmensweiten F\u00e4higkeiten und unseres Fachwissens in den Bereichen Wirtschaft und Finanzen k\u00f6nnen wir ma\u00dfgeschneiderte und detaillierte Analysen in einer Vielzahl von Sektoren erstellen, die auf die Fakten und Herausforderungen des jeweiligen Falles zugeschnitten sind. Unsere Experten sind in den modernsten \u00f6konometrischen und statistischen Verfahren geschult und liefern \u00fcberzeugende und solide Analysen zur Bewertung von Sch\u00e4den auf Basis in den europ\u00e4ischen Rechtssystemen anerkannter Methoden.<\/p>\n\n\n\n<p>Oslo Economics bietet Schadensanalysen f\u00fcr ein breites Spektrum von Branchen und Kontexten an, darunter:<\/p>\n\n\n\n<ul class=\"has-medium-font-size wp-block-list\"><li>Kartellrecht<\/li><li>Diskriminierende und ausschlie\u00dfende Praktiken <\/li><li>Geistiges Eigentum <\/li><li>Vertragsverletzungen <\/li><li>\u00d6ffentliches Auftragswesen<\/li><\/ul>\n","protected":false},"excerpt":{"rendered":"<p>Bei handels- und kartellrechtlichen Rechtsstreitigkeiten stellen sich h\u00e4ufig komplexe wirtschaftliche Fragen in Bezug auf die wirtschaftlichen Anreize der Parteien und [&hellip;]<\/p>\n","protected":false},"author":4,"featured_media":14516,"parent":14587,"menu_order":0,"comment_status":"closed","ping_status":"closed","template":"","meta":{"_acf_changed":false,"footnotes":""},"class_list":["post-14590","page","type-page","status-publish","has-post-thumbnail","hentry"],"acf":[],"_links":{"self":[{"href":"https:\/\/osloeconomics.no\/de\/wp-json\/wp\/v2\/pages\/14590","targetHints":{"allow":["GET"]}}],"collection":[{"href":"https:\/\/osloeconomics.no\/de\/wp-json\/wp\/v2\/pages"}],"about":[{"href":"https:\/\/osloeconomics.no\/de\/wp-json\/wp\/v2\/types\/page"}],"author":[{"embeddable":true,"href":"https:\/\/osloeconomics.no\/de\/wp-json\/wp\/v2\/users\/4"}],"replies":[{"embeddable":true,"href":"https:\/\/osloeconomics.no\/de\/wp-json\/wp\/v2\/comments?post=14590"}],"version-history":[{"count":5,"href":"https:\/\/osloeconomics.no\/de\/wp-json\/wp\/v2\/pages\/14590\/revisions"}],"predecessor-version":[{"id":14807,"href":"https:\/\/osloeconomics.no\/de\/wp-json\/wp\/v2\/pages\/14590\/revisions\/14807"}],"up":[{"embeddable":true,"href":"https:\/\/osloeconomics.no\/de\/wp-json\/wp\/v2\/pages\/14587"}],"wp:featuredmedia":[{"embeddable":true,"href":"https:\/\/osloeconomics.no\/de\/wp-json\/wp\/v2\/media\/14516"}],"wp:attachment":[{"href":"https:\/\/osloeconomics.no\/de\/wp-json\/wp\/v2\/media?parent=14590"}],"curies":[{"name":"wp","href":"https:\/\/api.w.org\/{rel}","templated":true}]}}