{"id":14583,"date":"2021-11-23T11:37:11","date_gmt":"2021-11-23T10:37:11","guid":{"rendered":"http:\/\/osloeconomics.no\/employees\/"},"modified":"2022-05-23T12:06:38","modified_gmt":"2022-05-23T10:06:38","slug":"employees","status":"publish","type":"page","link":"https:\/\/osloeconomics.no\/de\/employees\/","title":{"rendered":"Mitarbeiter"},"content":{"rendered":"\n<p>Oslo Economics analysiert \u00f6konomische Sachverhalte und andere Aspekte der Gesellschaftlichen Organisation. Unser Ziel ist es, eine solide Basis f\u00fcr gute Entscheidungen zu schaffen. Wir beraten Unternehmen, Beh\u00f6rden und Organisationen.<\/p>\n","protected":false},"excerpt":{"rendered":"<p>Oslo Economics analysiert \u00f6konomische Sachverhalte und andere Aspekte der Gesellschaftlichen Organisation. Unser Ziel ist es, eine solide Basis f\u00fcr gute [&hellip;]<\/p>\n","protected":false},"author":1,"featured_media":0,"parent":0,"menu_order":0,"comment_status":"closed","ping_status":"closed","template":"page-ansatte.php","meta":{"_acf_changed":false,"footnotes":""},"class_list":["post-14583","page","type-page","status-publish","hentry"],"acf":[],"_links":{"self":[{"href":"https:\/\/osloeconomics.no\/de\/wp-json\/wp\/v2\/pages\/14583","targetHints":{"allow":["GET"]}}],"collection":[{"href":"https:\/\/osloeconomics.no\/de\/wp-json\/wp\/v2\/pages"}],"about":[{"href":"https:\/\/osloeconomics.no\/de\/wp-json\/wp\/v2\/types\/page"}],"author":[{"embeddable":true,"href":"https:\/\/osloeconomics.no\/de\/wp-json\/wp\/v2\/users\/1"}],"replies":[{"embeddable":true,"href":"https:\/\/osloeconomics.no\/de\/wp-json\/wp\/v2\/comments?post=14583"}],"version-history":[{"count":2,"href":"https:\/\/osloeconomics.no\/de\/wp-json\/wp\/v2\/pages\/14583\/revisions"}],"predecessor-version":[{"id":14797,"href":"https:\/\/osloeconomics.no\/de\/wp-json\/wp\/v2\/pages\/14583\/revisions\/14797"}],"wp:attachment":[{"href":"https:\/\/osloeconomics.no\/de\/wp-json\/wp\/v2\/media?parent=14583"}],"curies":[{"name":"wp","href":"https:\/\/api.w.org\/{rel}","templated":true}]}}