{"id":14576,"date":"2021-11-23T11:37:03","date_gmt":"2021-11-23T10:37:03","guid":{"rendered":"http:\/\/osloeconomics.no\/om-oss\/our-business\/"},"modified":"2022-05-24T18:12:25","modified_gmt":"2022-05-24T16:12:25","slug":"ueber-oe","status":"publish","type":"page","link":"https:\/\/osloeconomics.no\/de\/ueber-uns\/ueber-oe\/","title":{"rendered":"\u00dcber Oslo Economics"},"content":{"rendered":"\n<p>Oslo Economics analysiert wirtschaftliche Fragestellung und ber\u00e4t Unternehmen, politische Entscheidungstr\u00e4ger und Organisationen. Wir liefern robuste Analysen die unseren Kunden als Grundlage f\u00fcr wichtige Entscheidungen dienen oder als Informationsgrundlage in Gerichtsverfahren und wettbewerbs\u00f6konomischen Verfahren Verwendung finden.<\/p>\n\n\n\n<p>Oslo Economics ist ein stark wachsendes Unternehmen mit heute 70 Mitarbeiter, von denen 16 einen Doktortitel haben. Wir arbeiten t\u00e4glich daran ein attraktives Arbeitsumfeld zu schaffen, dass die besten K\u00f6pfe anzieht. Wir haben ein junges, teamorientiertes Arbeitsumfeld mit spannenden Arbeitsaufgaben und Entwicklungsm\u00f6glichkeiten.<\/p>\n\n\n\n<p><\/p>\n","protected":false},"excerpt":{"rendered":"<p>Oslo Economics analysiert wirtschaftliche Fragestellung und ber\u00e4t Unternehmen, politische Entscheidungstr\u00e4ger und Organisationen. Wir liefern robuste Analysen die unseren Kunden als [&hellip;]<\/p>\n","protected":false},"author":4,"featured_media":14509,"parent":14553,"menu_order":0,"comment_status":"closed","ping_status":"closed","template":"","meta":{"_acf_changed":false,"footnotes":""},"class_list":["post-14576","page","type-page","status-publish","has-post-thumbnail","hentry"],"acf":[],"_links":{"self":[{"href":"https:\/\/osloeconomics.no\/de\/wp-json\/wp\/v2\/pages\/14576","targetHints":{"allow":["GET"]}}],"collection":[{"href":"https:\/\/osloeconomics.no\/de\/wp-json\/wp\/v2\/pages"}],"about":[{"href":"https:\/\/osloeconomics.no\/de\/wp-json\/wp\/v2\/types\/page"}],"author":[{"embeddable":true,"href":"https:\/\/osloeconomics.no\/de\/wp-json\/wp\/v2\/users\/4"}],"replies":[{"embeddable":true,"href":"https:\/\/osloeconomics.no\/de\/wp-json\/wp\/v2\/comments?post=14576"}],"version-history":[{"count":3,"href":"https:\/\/osloeconomics.no\/de\/wp-json\/wp\/v2\/pages\/14576\/revisions"}],"predecessor-version":[{"id":14819,"href":"https:\/\/osloeconomics.no\/de\/wp-json\/wp\/v2\/pages\/14576\/revisions\/14819"}],"up":[{"embeddable":true,"href":"https:\/\/osloeconomics.no\/de\/wp-json\/wp\/v2\/pages\/14553"}],"wp:featuredmedia":[{"embeddable":true,"href":"https:\/\/osloeconomics.no\/de\/wp-json\/wp\/v2\/media\/14509"}],"wp:attachment":[{"href":"https:\/\/osloeconomics.no\/de\/wp-json\/wp\/v2\/media?parent=14576"}],"curies":[{"name":"wp","href":"https:\/\/api.w.org\/{rel}","templated":true}]}}