{"id":14571,"date":"2021-11-23T11:37:16","date_gmt":"2021-11-23T10:37:16","guid":{"rendered":"http:\/\/osloeconomics.no\/om-oss\/co-workers\/"},"modified":"2022-05-23T11:41:05","modified_gmt":"2022-05-23T09:41:05","slug":"co-workers","status":"publish","type":"page","link":"https:\/\/osloeconomics.no\/de\/ueber-uns\/co-workers\/","title":{"rendered":"Mitarbeiter"},"content":{"rendered":"\n<p>Oslo Economics analysiert \u00f6konomische Sachverhalte und liefert Grundlagen f\u00fcr gute Entscheidungen. Wir beraten Unternehmen, Beh\u00f6rden und Organisationen<\/p>\n","protected":false},"excerpt":{"rendered":"<p>Oslo Economics analysiert \u00f6konomische Sachverhalte und liefert Grundlagen f\u00fcr gute Entscheidungen. Wir beraten Unternehmen, Beh\u00f6rden und Organisationen<\/p>\n","protected":false},"author":4,"featured_media":0,"parent":14553,"menu_order":0,"comment_status":"closed","ping_status":"closed","template":"","meta":{"_acf_changed":false,"footnotes":""},"class_list":["post-14571","page","type-page","status-publish","hentry"],"acf":[],"_links":{"self":[{"href":"https:\/\/osloeconomics.no\/de\/wp-json\/wp\/v2\/pages\/14571","targetHints":{"allow":["GET"]}}],"collection":[{"href":"https:\/\/osloeconomics.no\/de\/wp-json\/wp\/v2\/pages"}],"about":[{"href":"https:\/\/osloeconomics.no\/de\/wp-json\/wp\/v2\/types\/page"}],"author":[{"embeddable":true,"href":"https:\/\/osloeconomics.no\/de\/wp-json\/wp\/v2\/users\/4"}],"replies":[{"embeddable":true,"href":"https:\/\/osloeconomics.no\/de\/wp-json\/wp\/v2\/comments?post=14571"}],"version-history":[{"count":2,"href":"https:\/\/osloeconomics.no\/de\/wp-json\/wp\/v2\/pages\/14571\/revisions"}],"predecessor-version":[{"id":14573,"href":"https:\/\/osloeconomics.no\/de\/wp-json\/wp\/v2\/pages\/14571\/revisions\/14573"}],"up":[{"embeddable":true,"href":"https:\/\/osloeconomics.no\/de\/wp-json\/wp\/v2\/pages\/14553"}],"wp:attachment":[{"href":"https:\/\/osloeconomics.no\/de\/wp-json\/wp\/v2\/media?parent=14571"}],"curies":[{"name":"wp","href":"https:\/\/api.w.org\/{rel}","templated":true}]}}